{"id":243,"date":"2024-05-21T11:36:32","date_gmt":"2024-05-21T11:36:32","guid":{"rendered":"https:\/\/egosun.org\/?post_type=product&#038;p=243"},"modified":"2024-08-28T17:44:26","modified_gmt":"2024-08-28T17:44:26","slug":"transitos-carta-astral","status":"publish","type":"product","link":"https:\/\/egosun.org\/it\/product\/transitos-carta-astral\/","title":{"rendered":"Tr\u00e1nsitos &#8211; Carta Astral"},"content":{"rendered":"<p><strong>Che cos'\u00e8 la Rivoluzione Solare?<\/strong> La Rivoluzione Solare \u00e8 un potente strumento astrologico che rivela l'allineamento delle stelle nel giorno del tuo compleanno, offrendoti una chiara guida sui temi e le sfide che caratterizzeranno la tua vita nei prossimi 12 mesi.<\/p>\n<p><strong>Cosa Comprende?<\/strong><\/p>\n<ul>\n<li><strong>Analisi Personalizzata:<\/strong> un'interpretazione approfondita del tuo diagramma della rivoluzione solare, incentrata sulle aree pi\u00f9 rilevanti della tua vita: amore, carriera, salute e molto altro.<\/li>\n<li><strong>Previsioni chiare:<\/strong> definizione delle opportunit\u00e0 e delle sfide concrete da affrontare nel corso dell'anno, in modo da poterle programmare e affrontare in anticipo.<\/li>\n<li><strong>Consigli Pratici:<\/strong> raccomandazioni astrologiche su come sfruttare al meglio le energie disponibili e superare eventuali ostacoli.<\/li>\n<\/ul>\n<p><strong>Vantaggi di una lettura del\nritorno solare:<\/strong><\/p>\n<ul>\n<li><strong>Chiarezza e Orientamento:<\/strong> Comprensione delle influenze astrologiche che influiranno su di te e gestione delle stesse.<\/li>\n<li><strong>Potenziamento personale:<\/strong> prendere decisioni informate e strategiche in tutti i settori della vita. Pianificazione efficace: conoscere i momenti migliori per agire e quelli in cui \u00e8 meglio aspettare.<\/li>\n<li><strong>Pianificazione Efficace:<\/strong> Scopri i momenti migliori per agire e quando \u00e8 meglio aspettare.<\/li>\n<\/ul>\n<p>Non lasciate il vostro futuro al caso. Investite nella vostra crescita personale e prendete in mano il vostro destino con la nostra <strong>Lettura del Ritorno Solare.<\/strong>Prenotate oggi stesso la vostra lettura e preparatevi a vivere un anno pieno di possibilit\u00e0!<\/p>","protected":false},"excerpt":{"rendered":"<p>\u00bfTe gustar\u00eda conocer las energ\u00edas y oportunidades que el pr\u00f3ximo a\u00f1o tiene reservado para ti? Con nuestra <strong>Lettura del Ritorno Solare.<\/strong>, obtendr\u00e1s una visi\u00f3n detallada y personalizada de tu a\u00f1o astrol\u00f3gico, comenzando desde tu cumplea\u00f1os.<\/p>","protected":false},"featured_media":162,"template":"","meta":[],"product_cat":[30],"product_tag":[],"yoast_head":"<!-- This site is optimized with the Yoast SEO plugin v22.7 - https:\/\/yoast.com\/wordpress\/plugins\/seo\/ -->\n<title>Tr\u00e1nsitos - Carta Astral - EgoSun<\/title>\n<meta name=\"robots\" content=\"index, follow, max-snippet:-1, max-image-preview:large, max-video-preview:-1\" \/>\n<link rel=\"canonical\" href=\"https:\/\/egosun.org\/it\/product\/transitos-carta-astral\/\" \/>\n<meta property=\"og:locale\" content=\"it_IT\" \/>\n<meta property=\"og:type\" content=\"article\" \/>\n<meta property=\"og:title\" content=\"Tr\u00e1nsitos - Carta Astral - EgoSun\" \/>\n<meta property=\"og:description\" content=\"\u00bfTe gustar\u00eda conocer las energ\u00edas y oportunidades que el pr\u00f3ximo a\u00f1o tiene reservado para ti? Con nuestra Lectura de Revoluci\u00f3n Solar, obtendr\u00e1s una visi\u00f3n detallada y personalizada de tu a\u00f1o astrol\u00f3gico, comenzando desde tu cumplea\u00f1os.\" \/>\n<meta property=\"og:url\" content=\"https:\/\/egosun.org\/it\/product\/transitos-carta-astral\/\" \/>\n<meta property=\"og:site_name\" content=\"EgoSun\" \/>\n<meta property=\"article:modified_time\" content=\"2024-08-28T17:44:26+00:00\" \/>\n<meta property=\"og:image\" content=\"https:\/\/egosun.org\/wp-content\/uploads\/2024\/05\/Dark-Purple-Mystic-Astrologer-Sagittarius-Horoscope-Instagram-Post-1.png\" \/>\n\t<meta property=\"og:image:width\" content=\"1080\" \/>\n\t<meta property=\"og:image:height\" content=\"1080\" \/>\n\t<meta property=\"og:image:type\" content=\"image\/png\" \/>\n<meta name=\"twitter:card\" content=\"summary_large_image\" \/>\n<meta name=\"twitter:label1\" content=\"Tempo di lettura stimato\" \/>\n\t<meta name=\"twitter:data1\" content=\"2 minuti\" \/>\n<script type=\"application\/ld+json\" class=\"yoast-schema-graph\">{\"@context\":\"https:\/\/schema.org\",\"@graph\":[{\"@type\":\"WebPage\",\"@id\":\"https:\/\/egosun.org\/product\/transitos-carta-astral\/\",\"url\":\"https:\/\/egosun.org\/product\/transitos-carta-astral\/\",\"name\":\"Tr\u00e1nsitos - Carta Astral - EgoSun\",\"isPartOf\":{\"@id\":\"https:\/\/egosun.org\/#website\"},\"primaryImageOfPage\":{\"@id\":\"https:\/\/egosun.org\/product\/transitos-carta-astral\/#primaryimage\"},\"image\":{\"@id\":\"https:\/\/egosun.org\/product\/transitos-carta-astral\/#primaryimage\"},\"thumbnailUrl\":\"https:\/\/egosun.org\/wp-content\/uploads\/2024\/05\/Dark-Purple-Mystic-Astrologer-Sagittarius-Horoscope-Instagram-Post-1.png\",\"datePublished\":\"2024-05-21T11:36:32+00:00\",\"dateModified\":\"2024-08-28T17:44:26+00:00\",\"breadcrumb\":{\"@id\":\"https:\/\/egosun.org\/product\/transitos-carta-astral\/#breadcrumb\"},\"inLanguage\":\"it-IT\",\"potentialAction\":[{\"@type\":\"ReadAction\",\"target\":[\"https:\/\/egosun.org\/product\/transitos-carta-astral\/\"]}]},{\"@type\":\"ImageObject\",\"inLanguage\":\"it-IT\",\"@id\":\"https:\/\/egosun.org\/product\/transitos-carta-astral\/#primaryimage\",\"url\":\"https:\/\/egosun.org\/wp-content\/uploads\/2024\/05\/Dark-Purple-Mystic-Astrologer-Sagittarius-Horoscope-Instagram-Post-1.png\",\"contentUrl\":\"https:\/\/egosun.org\/wp-content\/uploads\/2024\/05\/Dark-Purple-Mystic-Astrologer-Sagittarius-Horoscope-Instagram-Post-1.png\",\"width\":1080,\"height\":1080},{\"@type\":\"BreadcrumbList\",\"@id\":\"https:\/\/egosun.org\/product\/transitos-carta-astral\/#breadcrumb\",\"itemListElement\":[{\"@type\":\"ListItem\",\"position\":1,\"name\":\"Portada\",\"item\":\"https:\/\/egosun.org\/\"},{\"@type\":\"ListItem\",\"position\":2,\"name\":\"Tienda\",\"item\":\"https:\/\/egosun.org\/tienda\/\"},{\"@type\":\"ListItem\",\"position\":3,\"name\":\"Tr\u00e1nsitos &#8211; Carta Astral\"}]},{\"@type\":\"WebSite\",\"@id\":\"https:\/\/egosun.org\/#website\",\"url\":\"https:\/\/egosun.org\/\",\"name\":\"EgoSun\",\"description\":\"\",\"publisher\":{\"@id\":\"https:\/\/egosun.org\/#organization\"},\"potentialAction\":[{\"@type\":\"SearchAction\",\"target\":{\"@type\":\"EntryPoint\",\"urlTemplate\":\"https:\/\/egosun.org\/?s={search_term_string}\"},\"query-input\":\"required name=search_term_string\"}],\"inLanguage\":\"it-IT\"},{\"@type\":\"Organization\",\"@id\":\"https:\/\/egosun.org\/#organization\",\"name\":\"EgoSun\",\"url\":\"https:\/\/egosun.org\/\",\"logo\":{\"@type\":\"ImageObject\",\"inLanguage\":\"it-IT\",\"@id\":\"https:\/\/egosun.org\/#\/schema\/logo\/image\/\",\"url\":\"https:\/\/egosun.org\/wp-content\/uploads\/2024\/05\/EgoSun-Logo.png\",\"contentUrl\":\"https:\/\/egosun.org\/wp-content\/uploads\/2024\/05\/EgoSun-Logo.png\",\"width\":500,\"height\":500,\"caption\":\"EgoSun\"},\"image\":{\"@id\":\"https:\/\/egosun.org\/#\/schema\/logo\/image\/\"}}]}<\/script>\n<!-- \/ Yoast SEO plugin. -->","yoast_head_json":{"title":"Tr\u00e1nsitos - Carta Astral - EgoSun","robots":{"index":"index","follow":"follow","max-snippet":"max-snippet:-1","max-image-preview":"max-image-preview:large","max-video-preview":"max-video-preview:-1"},"canonical":"https:\/\/egosun.org\/it\/product\/transitos-carta-astral\/","og_locale":"it_IT","og_type":"article","og_title":"Tr\u00e1nsitos - Carta Astral - EgoSun","og_description":"\u00bfTe gustar\u00eda conocer las energ\u00edas y oportunidades que el pr\u00f3ximo a\u00f1o tiene reservado para ti? Con nuestra Lectura de Revoluci\u00f3n Solar, obtendr\u00e1s una visi\u00f3n detallada y personalizada de tu a\u00f1o astrol\u00f3gico, comenzando desde tu cumplea\u00f1os.","og_url":"https:\/\/egosun.org\/it\/product\/transitos-carta-astral\/","og_site_name":"EgoSun","article_modified_time":"2024-08-28T17:44:26+00:00","og_image":[{"width":1080,"height":1080,"url":"https:\/\/egosun.org\/wp-content\/uploads\/2024\/05\/Dark-Purple-Mystic-Astrologer-Sagittarius-Horoscope-Instagram-Post-1.png","type":"image\/png"}],"twitter_card":"summary_large_image","twitter_misc":{"Tempo di lettura stimato":"2 minuti"},"schema":{"@context":"https:\/\/schema.org","@graph":[{"@type":"WebPage","@id":"https:\/\/egosun.org\/product\/transitos-carta-astral\/","url":"https:\/\/egosun.org\/product\/transitos-carta-astral\/","name":"Tr\u00e1nsitos - Carta Astral - EgoSun","isPartOf":{"@id":"https:\/\/egosun.org\/#website"},"primaryImageOfPage":{"@id":"https:\/\/egosun.org\/product\/transitos-carta-astral\/#primaryimage"},"image":{"@id":"https:\/\/egosun.org\/product\/transitos-carta-astral\/#primaryimage"},"thumbnailUrl":"https:\/\/egosun.org\/wp-content\/uploads\/2024\/05\/Dark-Purple-Mystic-Astrologer-Sagittarius-Horoscope-Instagram-Post-1.png","datePublished":"2024-05-21T11:36:32+00:00","dateModified":"2024-08-28T17:44:26+00:00","breadcrumb":{"@id":"https:\/\/egosun.org\/product\/transitos-carta-astral\/#breadcrumb"},"inLanguage":"it-IT","potentialAction":[{"@type":"ReadAction","target":["https:\/\/egosun.org\/product\/transitos-carta-astral\/"]}]},{"@type":"ImageObject","inLanguage":"it-IT","@id":"https:\/\/egosun.org\/product\/transitos-carta-astral\/#primaryimage","url":"https:\/\/egosun.org\/wp-content\/uploads\/2024\/05\/Dark-Purple-Mystic-Astrologer-Sagittarius-Horoscope-Instagram-Post-1.png","contentUrl":"https:\/\/egosun.org\/wp-content\/uploads\/2024\/05\/Dark-Purple-Mystic-Astrologer-Sagittarius-Horoscope-Instagram-Post-1.png","width":1080,"height":1080},{"@type":"BreadcrumbList","@id":"https:\/\/egosun.org\/product\/transitos-carta-astral\/#breadcrumb","itemListElement":[{"@type":"ListItem","position":1,"name":"Portada","item":"https:\/\/egosun.org\/"},{"@type":"ListItem","position":2,"name":"Tienda","item":"https:\/\/egosun.org\/tienda\/"},{"@type":"ListItem","position":3,"name":"Tr\u00e1nsitos &#8211; Carta Astral"}]},{"@type":"WebSite","@id":"https:\/\/egosun.org\/#website","url":"https:\/\/egosun.org\/","name":"EgoSun","description":"","publisher":{"@id":"https:\/\/egosun.org\/#organization"},"potentialAction":[{"@type":"SearchAction","target":{"@type":"EntryPoint","urlTemplate":"https:\/\/egosun.org\/?s={search_term_string}"},"query-input":"required name=search_term_string"}],"inLanguage":"it-IT"},{"@type":"Organization","@id":"https:\/\/egosun.org\/#organization","name":"EgoSun","url":"https:\/\/egosun.org\/","logo":{"@type":"ImageObject","inLanguage":"it-IT","@id":"https:\/\/egosun.org\/#\/schema\/logo\/image\/","url":"https:\/\/egosun.org\/wp-content\/uploads\/2024\/05\/EgoSun-Logo.png","contentUrl":"https:\/\/egosun.org\/wp-content\/uploads\/2024\/05\/EgoSun-Logo.png","width":500,"height":500,"caption":"EgoSun"},"image":{"@id":"https:\/\/egosun.org\/#\/schema\/logo\/image\/"}}]}},"_links":{"self":[{"href":"https:\/\/egosun.org\/it\/wp-json\/wp\/v2\/product\/243"}],"collection":[{"href":"https:\/\/egosun.org\/it\/wp-json\/wp\/v2\/product"}],"about":[{"href":"https:\/\/egosun.org\/it\/wp-json\/wp\/v2\/types\/product"}],"wp:featuredmedia":[{"embeddable":true,"href":"https:\/\/egosun.org\/it\/wp-json\/wp\/v2\/media\/162"}],"wp:attachment":[{"href":"https:\/\/egosun.org\/it\/wp-json\/wp\/v2\/media?parent=243"}],"wp:term":[{"taxonomy":"product_cat","embeddable":true,"href":"https:\/\/egosun.org\/it\/wp-json\/wp\/v2\/product_cat?post=243"},{"taxonomy":"product_tag","embeddable":true,"href":"https:\/\/egosun.org\/it\/wp-json\/wp\/v2\/product_tag?post=243"}],"curies":[{"name":"wp","href":"https:\/\/api.w.org\/{rel}","templated":true}]}}