{"id":244,"date":"2024-05-21T11:36:48","date_gmt":"2024-05-21T11:36:48","guid":{"rendered":"https:\/\/egosun.org\/?post_type=product&#038;p=244"},"modified":"2024-08-27T17:49:11","modified_gmt":"2024-08-27T17:49:11","slug":"espacio-para-los-emprendedores","status":"publish","type":"product","link":"https:\/\/egosun.org\/it\/product\/espacio-para-los-emprendedores\/","title":{"rendered":"Finestra per gli Imprenditori"},"content":{"rendered":"<p><strong>Descubre tu Camino al \u00c9xito con la Astrolog\u00eda Empresarial<\/strong><\/p>\n<p>\u00bfEst\u00e1s listo para llevar tu emprendimiento al siguiente nivel? Nuestro <strong>An\u00e1lisis Astrol\u00f3gico para Emprendedores<\/strong> te ofrece una gu\u00eda personalizada basada en los astros para ayudarte a tomar decisiones estrat\u00e9gicas, alinear tus esfuerzos con las energ\u00edas c\u00f3smicas y maximizar tu potencial de \u00e9xito.<\/p>\n<p><strong>\u00bfQu\u00e9 incluye?<\/strong><\/p>\n<ul>\n<li><strong>Carta Natal y Empresarial Personalizada<\/strong>: Descubre c\u00f3mo los planetas influyen en tus habilidades empresariales, liderazgo y toma de decisiones.<\/li>\n<li><strong>An\u00e1lisis de Ciclos y Tr\u00e1nsitos<\/strong>: Conoce los momentos m\u00e1s favorables para iniciar nuevos proyectos, lanzar productos o tomar decisiones clave.<\/li>\n<li><strong>Consejos Estrat\u00e9gicos<\/strong>: Recibe recomendaciones adaptadas a tu perfil astrol\u00f3gico para optimizar tus esfuerzos, mejorar la din\u00e1mica con tus socios para evitar posibles conflictos y alcanzar tus metas con mayor fluidez.<\/li>\n<li><strong>Orientaci\u00f3n en Tiempos de Retos<\/strong>: Identifica las oportunidades ocultas en per\u00edodos de desaf\u00edo y aprende a superarlos con estrategias alineadas a tu energ\u00eda c\u00f3smica.<\/li>\n<\/ul>\n<p>Este an\u00e1lisis no es solo una lectura; es una herramienta poderosa para aquellos emprendedores que buscan conectar su intuici\u00f3n con el cosmos, permitiendo que cada decisi\u00f3n est\u00e9 respaldada por el conocimiento astrol\u00f3gico. Conecta con el universo y desbloquea el verdadero potencial de tu negocio.<\/p>\n<p><strong>Empieza hoy mismo tu viaje hacia el \u00e9xito guiado por los astros.<\/strong><\/p>","protected":false},"excerpt":{"rendered":"<p>Analisi Astrologica per Imprenditori ti aiuta a trovare l'idea di business che pi\u00f9 risuona con il tuo Sole e Ascendente per avviare il tuo progetto o a stimolare la crescita della tua impresa esistente.<\/p>\n<p>&nbsp;<\/p>","protected":false},"featured_media":227,"template":"","meta":[],"product_cat":[30],"product_tag":[],"yoast_head":"<!-- This site is optimized with the Yoast SEO plugin v22.7 - https:\/\/yoast.com\/wordpress\/plugins\/seo\/ -->\n<title>Espacio para los emprendedores - EgoSun<\/title>\n<meta name=\"robots\" content=\"index, follow, max-snippet:-1, max-image-preview:large, max-video-preview:-1\" \/>\n<link rel=\"canonical\" href=\"https:\/\/egosun.org\/it\/product\/espacio-para-los-emprendedores\/\" \/>\n<meta property=\"og:locale\" content=\"it_IT\" \/>\n<meta property=\"og:type\" content=\"article\" \/>\n<meta property=\"og:title\" content=\"Espacio para los emprendedores - EgoSun\" \/>\n<meta property=\"og:description\" content=\"An\u00e1lisis Astrol\u00f3gico para Emprendedores te ayuda a encontrar la idea de negocio que m\u00e1s resuena con tu Sol y Ascendente para iniciar tu proyecto o a impulsar el crecimiento de tu empresa existente.  &nbsp;\" \/>\n<meta property=\"og:url\" content=\"https:\/\/egosun.org\/it\/product\/espacio-para-los-emprendedores\/\" \/>\n<meta property=\"og:site_name\" content=\"EgoSun\" \/>\n<meta property=\"article:modified_time\" content=\"2024-08-27T17:49:11+00:00\" \/>\n<meta property=\"og:image\" content=\"https:\/\/egosun.org\/wp-content\/uploads\/2024\/05\/Dark-Purple-Mystic-Astrologer-Sagittarius-Horoscope-Instagram-Post-3.png\" \/>\n\t<meta property=\"og:image:width\" content=\"1080\" \/>\n\t<meta property=\"og:image:height\" content=\"1080\" \/>\n\t<meta property=\"og:image:type\" content=\"image\/png\" \/>\n<meta name=\"twitter:card\" content=\"summary_large_image\" \/>\n<meta name=\"twitter:label1\" content=\"Tempo di lettura stimato\" \/>\n\t<meta name=\"twitter:data1\" content=\"2 minuti\" \/>\n<script type=\"application\/ld+json\" class=\"yoast-schema-graph\">{\"@context\":\"https:\/\/schema.org\",\"@graph\":[{\"@type\":\"WebPage\",\"@id\":\"https:\/\/egosun.org\/product\/espacio-para-los-emprendedores\/\",\"url\":\"https:\/\/egosun.org\/product\/espacio-para-los-emprendedores\/\",\"name\":\"Espacio para los emprendedores - EgoSun\",\"isPartOf\":{\"@id\":\"https:\/\/egosun.org\/#website\"},\"primaryImageOfPage\":{\"@id\":\"https:\/\/egosun.org\/product\/espacio-para-los-emprendedores\/#primaryimage\"},\"image\":{\"@id\":\"https:\/\/egosun.org\/product\/espacio-para-los-emprendedores\/#primaryimage\"},\"thumbnailUrl\":\"https:\/\/egosun.org\/wp-content\/uploads\/2024\/05\/Dark-Purple-Mystic-Astrologer-Sagittarius-Horoscope-Instagram-Post-3.png\",\"datePublished\":\"2024-05-21T11:36:48+00:00\",\"dateModified\":\"2024-08-27T17:49:11+00:00\",\"breadcrumb\":{\"@id\":\"https:\/\/egosun.org\/product\/espacio-para-los-emprendedores\/#breadcrumb\"},\"inLanguage\":\"it-IT\",\"potentialAction\":[{\"@type\":\"ReadAction\",\"target\":[\"https:\/\/egosun.org\/product\/espacio-para-los-emprendedores\/\"]}]},{\"@type\":\"ImageObject\",\"inLanguage\":\"it-IT\",\"@id\":\"https:\/\/egosun.org\/product\/espacio-para-los-emprendedores\/#primaryimage\",\"url\":\"https:\/\/egosun.org\/wp-content\/uploads\/2024\/05\/Dark-Purple-Mystic-Astrologer-Sagittarius-Horoscope-Instagram-Post-3.png\",\"contentUrl\":\"https:\/\/egosun.org\/wp-content\/uploads\/2024\/05\/Dark-Purple-Mystic-Astrologer-Sagittarius-Horoscope-Instagram-Post-3.png\",\"width\":1080,\"height\":1080,\"caption\":\"Espacio para los emprendedores\"},{\"@type\":\"BreadcrumbList\",\"@id\":\"https:\/\/egosun.org\/product\/espacio-para-los-emprendedores\/#breadcrumb\",\"itemListElement\":[{\"@type\":\"ListItem\",\"position\":1,\"name\":\"Portada\",\"item\":\"https:\/\/egosun.org\/\"},{\"@type\":\"ListItem\",\"position\":2,\"name\":\"Tienda\",\"item\":\"https:\/\/egosun.org\/tienda\/\"},{\"@type\":\"ListItem\",\"position\":3,\"name\":\"Espacio para los emprendedores\"}]},{\"@type\":\"WebSite\",\"@id\":\"https:\/\/egosun.org\/#website\",\"url\":\"https:\/\/egosun.org\/\",\"name\":\"EgoSun\",\"description\":\"\",\"publisher\":{\"@id\":\"https:\/\/egosun.org\/#organization\"},\"potentialAction\":[{\"@type\":\"SearchAction\",\"target\":{\"@type\":\"EntryPoint\",\"urlTemplate\":\"https:\/\/egosun.org\/?s={search_term_string}\"},\"query-input\":\"required name=search_term_string\"}],\"inLanguage\":\"it-IT\"},{\"@type\":\"Organization\",\"@id\":\"https:\/\/egosun.org\/#organization\",\"name\":\"EgoSun\",\"url\":\"https:\/\/egosun.org\/\",\"logo\":{\"@type\":\"ImageObject\",\"inLanguage\":\"it-IT\",\"@id\":\"https:\/\/egosun.org\/#\/schema\/logo\/image\/\",\"url\":\"https:\/\/egosun.org\/wp-content\/uploads\/2024\/05\/EgoSun-Logo.png\",\"contentUrl\":\"https:\/\/egosun.org\/wp-content\/uploads\/2024\/05\/EgoSun-Logo.png\",\"width\":500,\"height\":500,\"caption\":\"EgoSun\"},\"image\":{\"@id\":\"https:\/\/egosun.org\/#\/schema\/logo\/image\/\"}}]}<\/script>\n<!-- \/ Yoast SEO plugin. -->","yoast_head_json":{"title":"Espacio para los emprendedores - EgoSun","robots":{"index":"index","follow":"follow","max-snippet":"max-snippet:-1","max-image-preview":"max-image-preview:large","max-video-preview":"max-video-preview:-1"},"canonical":"https:\/\/egosun.org\/it\/product\/espacio-para-los-emprendedores\/","og_locale":"it_IT","og_type":"article","og_title":"Espacio para los emprendedores - EgoSun","og_description":"An\u00e1lisis Astrol\u00f3gico para Emprendedores te ayuda a encontrar la idea de negocio que m\u00e1s resuena con tu Sol y Ascendente para iniciar tu proyecto o a impulsar el crecimiento de tu empresa existente.  &nbsp;","og_url":"https:\/\/egosun.org\/it\/product\/espacio-para-los-emprendedores\/","og_site_name":"EgoSun","article_modified_time":"2024-08-27T17:49:11+00:00","og_image":[{"width":1080,"height":1080,"url":"https:\/\/egosun.org\/wp-content\/uploads\/2024\/05\/Dark-Purple-Mystic-Astrologer-Sagittarius-Horoscope-Instagram-Post-3.png","type":"image\/png"}],"twitter_card":"summary_large_image","twitter_misc":{"Tempo di lettura stimato":"2 minuti"},"schema":{"@context":"https:\/\/schema.org","@graph":[{"@type":"WebPage","@id":"https:\/\/egosun.org\/product\/espacio-para-los-emprendedores\/","url":"https:\/\/egosun.org\/product\/espacio-para-los-emprendedores\/","name":"Espacio para los emprendedores - EgoSun","isPartOf":{"@id":"https:\/\/egosun.org\/#website"},"primaryImageOfPage":{"@id":"https:\/\/egosun.org\/product\/espacio-para-los-emprendedores\/#primaryimage"},"image":{"@id":"https:\/\/egosun.org\/product\/espacio-para-los-emprendedores\/#primaryimage"},"thumbnailUrl":"https:\/\/egosun.org\/wp-content\/uploads\/2024\/05\/Dark-Purple-Mystic-Astrologer-Sagittarius-Horoscope-Instagram-Post-3.png","datePublished":"2024-05-21T11:36:48+00:00","dateModified":"2024-08-27T17:49:11+00:00","breadcrumb":{"@id":"https:\/\/egosun.org\/product\/espacio-para-los-emprendedores\/#breadcrumb"},"inLanguage":"it-IT","potentialAction":[{"@type":"ReadAction","target":["https:\/\/egosun.org\/product\/espacio-para-los-emprendedores\/"]}]},{"@type":"ImageObject","inLanguage":"it-IT","@id":"https:\/\/egosun.org\/product\/espacio-para-los-emprendedores\/#primaryimage","url":"https:\/\/egosun.org\/wp-content\/uploads\/2024\/05\/Dark-Purple-Mystic-Astrologer-Sagittarius-Horoscope-Instagram-Post-3.png","contentUrl":"https:\/\/egosun.org\/wp-content\/uploads\/2024\/05\/Dark-Purple-Mystic-Astrologer-Sagittarius-Horoscope-Instagram-Post-3.png","width":1080,"height":1080,"caption":"Espacio para los emprendedores"},{"@type":"BreadcrumbList","@id":"https:\/\/egosun.org\/product\/espacio-para-los-emprendedores\/#breadcrumb","itemListElement":[{"@type":"ListItem","position":1,"name":"Portada","item":"https:\/\/egosun.org\/"},{"@type":"ListItem","position":2,"name":"Tienda","item":"https:\/\/egosun.org\/tienda\/"},{"@type":"ListItem","position":3,"name":"Espacio para los emprendedores"}]},{"@type":"WebSite","@id":"https:\/\/egosun.org\/#website","url":"https:\/\/egosun.org\/","name":"EgoSun","description":"","publisher":{"@id":"https:\/\/egosun.org\/#organization"},"potentialAction":[{"@type":"SearchAction","target":{"@type":"EntryPoint","urlTemplate":"https:\/\/egosun.org\/?s={search_term_string}"},"query-input":"required name=search_term_string"}],"inLanguage":"it-IT"},{"@type":"Organization","@id":"https:\/\/egosun.org\/#organization","name":"EgoSun","url":"https:\/\/egosun.org\/","logo":{"@type":"ImageObject","inLanguage":"it-IT","@id":"https:\/\/egosun.org\/#\/schema\/logo\/image\/","url":"https:\/\/egosun.org\/wp-content\/uploads\/2024\/05\/EgoSun-Logo.png","contentUrl":"https:\/\/egosun.org\/wp-content\/uploads\/2024\/05\/EgoSun-Logo.png","width":500,"height":500,"caption":"EgoSun"},"image":{"@id":"https:\/\/egosun.org\/#\/schema\/logo\/image\/"}}]}},"_links":{"self":[{"href":"https:\/\/egosun.org\/it\/wp-json\/wp\/v2\/product\/244"}],"collection":[{"href":"https:\/\/egosun.org\/it\/wp-json\/wp\/v2\/product"}],"about":[{"href":"https:\/\/egosun.org\/it\/wp-json\/wp\/v2\/types\/product"}],"wp:featuredmedia":[{"embeddable":true,"href":"https:\/\/egosun.org\/it\/wp-json\/wp\/v2\/media\/227"}],"wp:attachment":[{"href":"https:\/\/egosun.org\/it\/wp-json\/wp\/v2\/media?parent=244"}],"wp:term":[{"taxonomy":"product_cat","embeddable":true,"href":"https:\/\/egosun.org\/it\/wp-json\/wp\/v2\/product_cat?post=244"},{"taxonomy":"product_tag","embeddable":true,"href":"https:\/\/egosun.org\/it\/wp-json\/wp\/v2\/product_tag?post=244"}],"curies":[{"name":"wp","href":"https:\/\/api.w.org\/{rel}","templated":true}]}}