{"id":70,"date":"2024-05-17T11:18:16","date_gmt":"2024-05-17T11:18:16","guid":{"rendered":"https:\/\/egosun.org\/product\/hi-fi-headphones\/"},"modified":"2024-08-27T16:34:38","modified_gmt":"2024-08-27T16:34:38","slug":"tus-coordenadas-carta-natal","status":"publish","type":"product","link":"https:\/\/egosun.org\/it\/product\/tus-coordenadas-carta-natal\/","title":{"rendered":"Tus coordenadas &#8211; Interpretaci\u00f3n Carta Natal"},"content":{"rendered":"<p><strong>Cos'\u00e8 una Carta Natale?<\/strong> Una Carta Natale, anche conosciuta come Carta Astrale \u00e8 una carta astrologica che illustra la posizione dei pianeti al momento esatto della tua nascita. Questo strumento astrologico rivela aspetti fondamentali del tuo carattere, delle tue relazioni, della tua carriera e di molto altro ancora.<\/p>\n<p><strong>Cosa Comprende?<\/strong><\/p>\n<ul>\n<li><strong>Analisi Completa:<\/strong> Un'interpretazione completa della vostra carta natale, in cui vengono esplorati tutti i pianeti, i segni e le case astrologiche che influenzano la vostra vita.<\/li>\n<li><strong>Profilo Personalizzato:<\/strong> scopri i tuoi punti di forza e di debolezza, i tuoi talenti innati e le aree di crescita.<\/li>\n<li><strong>Prospettiva sulle Relazioni:<\/strong> Capire come relazionarsi con gli altri e di cosa si ha bisogno per avere relazioni armoniose e soddisfacenti.<\/li>\n<li><strong>Guida alla Vita:<\/strong> consigli pratici e raccomandazioni astrologiche per prendere decisioni in linea con il tuo vero Io.<\/li>\n<\/ul>\n<p><strong>Benefici di una Lettura del Tema Natale:<\/strong><\/p>\n<ul>\n<li><strong>Profonda conoscenza di s\u00e9:<\/strong> acquisire una comprensione pi\u00f9 completa di s\u00e9 e del proprio scopo nella vita.<\/li>\n<li><strong>Chiarezza e Direzione:<\/strong> acquisire preziose conoscenze che ti aiuteranno a prendere decisioni pi\u00f9 consapevoli e allineate con la tua essenza.<\/li>\n<li><strong>Potenziamento personale:<\/strong> conosci i tuoi cicli astrologici e saprai come sfruttare al meglio ogni fase della tua vita.<\/li>\n<\/ul>\n<p>Non lasciare che le domande relative alla tua vita rimangano senza risposta. Investi nella conoscenza di te stesso e nella tua crescita personale con la nostra <strong>lettura della carta natale.<\/strong>prenota oggi stesso la tua lettura e inizia a scoprire la mappa della tua vita!<\/p>","protected":false},"excerpt":{"rendered":"<p>\u00bfTe gustar\u00eda entender mejor qui\u00e9n eres y cu\u00e1l es tu prop\u00f3sito en la vida? Nuestra <strong>lettura della carta natale.<\/strong> te ofrece una visi\u00f3n profunda y detallada de tu personalidad, tus talentos, desaf\u00edos y el camino que est\u00e1s destinado a recorrer.<\/p>","protected":false},"featured_media":159,"template":"","meta":[],"product_cat":[30],"product_tag":[],"yoast_head":"<!-- This site is optimized with the Yoast SEO plugin v22.7 - https:\/\/yoast.com\/wordpress\/plugins\/seo\/ -->\n<title>Tus coordenadas - Interpretaci\u00f3n Carta Natal - EgoSun<\/title>\n<meta name=\"robots\" content=\"index, follow, max-snippet:-1, max-image-preview:large, max-video-preview:-1\" \/>\n<link rel=\"canonical\" href=\"https:\/\/egosun.org\/it\/product\/tus-coordenadas-carta-natal\/\" \/>\n<meta property=\"og:locale\" content=\"it_IT\" \/>\n<meta property=\"og:type\" content=\"article\" \/>\n<meta property=\"og:title\" content=\"Tus coordenadas - Interpretaci\u00f3n Carta Natal - EgoSun\" \/>\n<meta property=\"og:description\" content=\"\u00bfTe gustar\u00eda entender mejor qui\u00e9n eres y cu\u00e1l es tu prop\u00f3sito en la vida? Nuestra Lectura de Carta Astral te ofrece una visi\u00f3n profunda y detallada de tu personalidad, tus talentos, desaf\u00edos y el camino que est\u00e1s destinado a recorrer.\" \/>\n<meta property=\"og:url\" content=\"https:\/\/egosun.org\/it\/product\/tus-coordenadas-carta-natal\/\" \/>\n<meta property=\"og:site_name\" content=\"EgoSun\" \/>\n<meta property=\"article:modified_time\" content=\"2024-08-27T16:34:38+00:00\" \/>\n<meta property=\"og:image\" content=\"https:\/\/egosun.org\/wp-content\/uploads\/2024\/05\/4.png\" \/>\n\t<meta property=\"og:image:width\" content=\"1080\" \/>\n\t<meta property=\"og:image:height\" content=\"1080\" \/>\n\t<meta property=\"og:image:type\" content=\"image\/png\" \/>\n<meta name=\"twitter:card\" content=\"summary_large_image\" \/>\n<meta name=\"twitter:label1\" content=\"Tempo di lettura stimato\" \/>\n\t<meta name=\"twitter:data1\" content=\"2 minuti\" \/>\n<script type=\"application\/ld+json\" class=\"yoast-schema-graph\">{\"@context\":\"https:\/\/schema.org\",\"@graph\":[{\"@type\":\"WebPage\",\"@id\":\"https:\/\/egosun.org\/product\/tus-coordenadas-carta-natal\/\",\"url\":\"https:\/\/egosun.org\/product\/tus-coordenadas-carta-natal\/\",\"name\":\"Tus coordenadas - Interpretaci\u00f3n Carta Natal - EgoSun\",\"isPartOf\":{\"@id\":\"https:\/\/egosun.org\/#website\"},\"primaryImageOfPage\":{\"@id\":\"https:\/\/egosun.org\/product\/tus-coordenadas-carta-natal\/#primaryimage\"},\"image\":{\"@id\":\"https:\/\/egosun.org\/product\/tus-coordenadas-carta-natal\/#primaryimage\"},\"thumbnailUrl\":\"https:\/\/egosun.org\/wp-content\/uploads\/2024\/05\/4.png\",\"datePublished\":\"2024-05-17T11:18:16+00:00\",\"dateModified\":\"2024-08-27T16:34:38+00:00\",\"breadcrumb\":{\"@id\":\"https:\/\/egosun.org\/product\/tus-coordenadas-carta-natal\/#breadcrumb\"},\"inLanguage\":\"it-IT\",\"potentialAction\":[{\"@type\":\"ReadAction\",\"target\":[\"https:\/\/egosun.org\/product\/tus-coordenadas-carta-natal\/\"]}]},{\"@type\":\"ImageObject\",\"inLanguage\":\"it-IT\",\"@id\":\"https:\/\/egosun.org\/product\/tus-coordenadas-carta-natal\/#primaryimage\",\"url\":\"https:\/\/egosun.org\/wp-content\/uploads\/2024\/05\/4.png\",\"contentUrl\":\"https:\/\/egosun.org\/wp-content\/uploads\/2024\/05\/4.png\",\"width\":1080,\"height\":1080,\"caption\":\"Tus coordenadas \u2013 Carta Natal\"},{\"@type\":\"BreadcrumbList\",\"@id\":\"https:\/\/egosun.org\/product\/tus-coordenadas-carta-natal\/#breadcrumb\",\"itemListElement\":[{\"@type\":\"ListItem\",\"position\":1,\"name\":\"Portada\",\"item\":\"https:\/\/egosun.org\/\"},{\"@type\":\"ListItem\",\"position\":2,\"name\":\"Tienda\",\"item\":\"https:\/\/egosun.org\/tienda\/\"},{\"@type\":\"ListItem\",\"position\":3,\"name\":\"Tus coordenadas &#8211; Interpretaci\u00f3n Carta Natal\"}]},{\"@type\":\"WebSite\",\"@id\":\"https:\/\/egosun.org\/#website\",\"url\":\"https:\/\/egosun.org\/\",\"name\":\"EgoSun\",\"description\":\"\",\"publisher\":{\"@id\":\"https:\/\/egosun.org\/#organization\"},\"potentialAction\":[{\"@type\":\"SearchAction\",\"target\":{\"@type\":\"EntryPoint\",\"urlTemplate\":\"https:\/\/egosun.org\/?s={search_term_string}\"},\"query-input\":\"required name=search_term_string\"}],\"inLanguage\":\"it-IT\"},{\"@type\":\"Organization\",\"@id\":\"https:\/\/egosun.org\/#organization\",\"name\":\"EgoSun\",\"url\":\"https:\/\/egosun.org\/\",\"logo\":{\"@type\":\"ImageObject\",\"inLanguage\":\"it-IT\",\"@id\":\"https:\/\/egosun.org\/#\/schema\/logo\/image\/\",\"url\":\"https:\/\/egosun.org\/wp-content\/uploads\/2024\/05\/EgoSun-Logo.png\",\"contentUrl\":\"https:\/\/egosun.org\/wp-content\/uploads\/2024\/05\/EgoSun-Logo.png\",\"width\":500,\"height\":500,\"caption\":\"EgoSun\"},\"image\":{\"@id\":\"https:\/\/egosun.org\/#\/schema\/logo\/image\/\"}}]}<\/script>\n<!-- \/ Yoast SEO plugin. -->","yoast_head_json":{"title":"Tus coordenadas - Interpretaci\u00f3n Carta Natal - EgoSun","robots":{"index":"index","follow":"follow","max-snippet":"max-snippet:-1","max-image-preview":"max-image-preview:large","max-video-preview":"max-video-preview:-1"},"canonical":"https:\/\/egosun.org\/it\/product\/tus-coordenadas-carta-natal\/","og_locale":"it_IT","og_type":"article","og_title":"Tus coordenadas - Interpretaci\u00f3n Carta Natal - EgoSun","og_description":"\u00bfTe gustar\u00eda entender mejor qui\u00e9n eres y cu\u00e1l es tu prop\u00f3sito en la vida? Nuestra Lectura de Carta Astral te ofrece una visi\u00f3n profunda y detallada de tu personalidad, tus talentos, desaf\u00edos y el camino que est\u00e1s destinado a recorrer.","og_url":"https:\/\/egosun.org\/it\/product\/tus-coordenadas-carta-natal\/","og_site_name":"EgoSun","article_modified_time":"2024-08-27T16:34:38+00:00","og_image":[{"width":1080,"height":1080,"url":"https:\/\/egosun.org\/wp-content\/uploads\/2024\/05\/4.png","type":"image\/png"}],"twitter_card":"summary_large_image","twitter_misc":{"Tempo di lettura stimato":"2 minuti"},"schema":{"@context":"https:\/\/schema.org","@graph":[{"@type":"WebPage","@id":"https:\/\/egosun.org\/product\/tus-coordenadas-carta-natal\/","url":"https:\/\/egosun.org\/product\/tus-coordenadas-carta-natal\/","name":"Tus coordenadas - Interpretaci\u00f3n Carta Natal - EgoSun","isPartOf":{"@id":"https:\/\/egosun.org\/#website"},"primaryImageOfPage":{"@id":"https:\/\/egosun.org\/product\/tus-coordenadas-carta-natal\/#primaryimage"},"image":{"@id":"https:\/\/egosun.org\/product\/tus-coordenadas-carta-natal\/#primaryimage"},"thumbnailUrl":"https:\/\/egosun.org\/wp-content\/uploads\/2024\/05\/4.png","datePublished":"2024-05-17T11:18:16+00:00","dateModified":"2024-08-27T16:34:38+00:00","breadcrumb":{"@id":"https:\/\/egosun.org\/product\/tus-coordenadas-carta-natal\/#breadcrumb"},"inLanguage":"it-IT","potentialAction":[{"@type":"ReadAction","target":["https:\/\/egosun.org\/product\/tus-coordenadas-carta-natal\/"]}]},{"@type":"ImageObject","inLanguage":"it-IT","@id":"https:\/\/egosun.org\/product\/tus-coordenadas-carta-natal\/#primaryimage","url":"https:\/\/egosun.org\/wp-content\/uploads\/2024\/05\/4.png","contentUrl":"https:\/\/egosun.org\/wp-content\/uploads\/2024\/05\/4.png","width":1080,"height":1080,"caption":"Tus coordenadas \u2013 Carta Natal"},{"@type":"BreadcrumbList","@id":"https:\/\/egosun.org\/product\/tus-coordenadas-carta-natal\/#breadcrumb","itemListElement":[{"@type":"ListItem","position":1,"name":"Portada","item":"https:\/\/egosun.org\/"},{"@type":"ListItem","position":2,"name":"Tienda","item":"https:\/\/egosun.org\/tienda\/"},{"@type":"ListItem","position":3,"name":"Tus coordenadas &#8211; Interpretaci\u00f3n Carta Natal"}]},{"@type":"WebSite","@id":"https:\/\/egosun.org\/#website","url":"https:\/\/egosun.org\/","name":"EgoSun","description":"","publisher":{"@id":"https:\/\/egosun.org\/#organization"},"potentialAction":[{"@type":"SearchAction","target":{"@type":"EntryPoint","urlTemplate":"https:\/\/egosun.org\/?s={search_term_string}"},"query-input":"required name=search_term_string"}],"inLanguage":"it-IT"},{"@type":"Organization","@id":"https:\/\/egosun.org\/#organization","name":"EgoSun","url":"https:\/\/egosun.org\/","logo":{"@type":"ImageObject","inLanguage":"it-IT","@id":"https:\/\/egosun.org\/#\/schema\/logo\/image\/","url":"https:\/\/egosun.org\/wp-content\/uploads\/2024\/05\/EgoSun-Logo.png","contentUrl":"https:\/\/egosun.org\/wp-content\/uploads\/2024\/05\/EgoSun-Logo.png","width":500,"height":500,"caption":"EgoSun"},"image":{"@id":"https:\/\/egosun.org\/#\/schema\/logo\/image\/"}}]}},"_links":{"self":[{"href":"https:\/\/egosun.org\/it\/wp-json\/wp\/v2\/product\/70"}],"collection":[{"href":"https:\/\/egosun.org\/it\/wp-json\/wp\/v2\/product"}],"about":[{"href":"https:\/\/egosun.org\/it\/wp-json\/wp\/v2\/types\/product"}],"wp:featuredmedia":[{"embeddable":true,"href":"https:\/\/egosun.org\/it\/wp-json\/wp\/v2\/media\/159"}],"wp:attachment":[{"href":"https:\/\/egosun.org\/it\/wp-json\/wp\/v2\/media?parent=70"}],"wp:term":[{"taxonomy":"product_cat","embeddable":true,"href":"https:\/\/egosun.org\/it\/wp-json\/wp\/v2\/product_cat?post=70"},{"taxonomy":"product_tag","embeddable":true,"href":"https:\/\/egosun.org\/it\/wp-json\/wp\/v2\/product_tag?post=70"}],"curies":[{"name":"wp","href":"https:\/\/api.w.org\/{rel}","templated":true}]}}